{"id":192,"date":"2022-08-16T14:25:48","date_gmt":"2022-08-16T14:25:48","guid":{"rendered":"https:\/\/bientarimvehavacilik.com\/?post_type=product&#038;p=192"},"modified":"2023-08-01T06:47:45","modified_gmt":"2023-08-01T06:47:45","slug":"dji-agras-t40","status":"publish","type":"product","link":"https:\/\/bientarimvehavacilik.com\/index.php\/urun\/dji-agras-t40\/","title":{"rendered":"DJI Agras T40"},"content":{"rendered":"<div style=\"display: none;\">\n<h1>DJI AGRAS T40 DRONE<\/h1>\n<p>DJI Agras T40 tar\u0131m drone&#8217;u, operasyonlar\u0131n\u0131 iyile\u015ftirmek ve ekin verimini rahatl\u0131kla art\u0131rmak isteyen \u00e7ift\u00e7iler i\u00e7in son teknoloji \u00fcr\u00fcn\u00fc bir \u00e7\u00f6z\u00fcmd\u00fcr. Geli\u015fmi\u015f teknolojisi ve kullan\u0131c\u0131 dostu tasar\u0131m\u0131yla \u00c7ift\u00e7ilere tarlalar\u0131n\u0131 h\u0131zl\u0131 ve kolay bir \u015fekilde inceleme, \u00fcr\u00fcn sa\u011fl\u0131\u011f\u0131n\u0131 belirleme ve optimum b\u00fcy\u00fcmeyi planlama yetene\u011fi sa\u011flar.<\/p>\n<p>DJI Agras T40&#8217;\u0131n en \u00f6nemli \u00f6zelliklerinden biri, ayr\u0131nt\u0131l\u0131 g\u00f6r\u00fcnt\u00fc ve haritalama sa\u011flayan y\u00fcksek \u00e7\u00f6z\u00fcn\u00fcrl\u00fckl\u00fc kameras\u0131d\u0131r. Bu, \u00e7ift\u00e7ilerin sorunlu alanlar\u0131 belirlemesini ve mahsul y\u00f6netimi hakk\u0131nda bilin\u00e7li kararlar vermesini kolayla\u015ft\u0131r\u0131r. Ek olarak, dronun kameras\u0131, \u00e7ift\u00e7ilerin mahsul sa\u011fl\u0131\u011f\u0131ndaki de\u011fi\u015fiklikleri belirlemesine, su stresini tespit etmesine ve zararl\u0131lar\u0131 ve hastal\u0131klar\u0131 erken tespit etmesine olanak tan\u0131yan multispektral g\u00f6r\u00fcnt\u00fcler yakalayabilir.<\/p>\n<div id=\"attachment_467\" style=\"width: 310px\" class=\"wp-caption alignnone\"><img loading=\"lazy\" decoding=\"async\" aria-describedby=\"caption-attachment-467\" class=\"size-medium wp-image-467\" src=\"https:\/\/bientarimvehavacilik.com\/wp-content\/uploads\/2022\/08\/t40_product-300x169.png\" alt=\"\" width=\"300\" height=\"169\" srcset=\"https:\/\/bientarimvehavacilik.com\/wp-content\/uploads\/2022\/08\/t40_product-300x169.png 300w, https:\/\/bientarimvehavacilik.com\/wp-content\/uploads\/2022\/08\/t40_product-1024x576.png 1024w, https:\/\/bientarimvehavacilik.com\/wp-content\/uploads\/2022\/08\/t40_product-768x432.png 768w, https:\/\/bientarimvehavacilik.com\/wp-content\/uploads\/2022\/08\/t40_product-260x146.png 260w, https:\/\/bientarimvehavacilik.com\/wp-content\/uploads\/2022\/08\/t40_product-50x28.png 50w, https:\/\/bientarimvehavacilik.com\/wp-content\/uploads\/2022\/08\/t40_product-133x75.png 133w, https:\/\/bientarimvehavacilik.com\/wp-content\/uploads\/2022\/08\/t40_product.png 1536w, https:\/\/bientarimvehavacilik.com\/wp-content\/uploads\/2022\/08\/t40_product-800x450.png 800w\" sizes=\"(max-width: 300px) 100vw, 300px\" \/><p id=\"caption-attachment-467\" class=\"wp-caption-text\">Bien tar\u0131m ve havac\u0131l\u0131k t 40 dron hakk\u0131nda ila\u00e7lama ve g\u00f6lge tozu detayl\u0131 bilgi<\/p><\/div>\n<p>DJI Agras T40 ayr\u0131ca, b\u00f6cek ila\u00e7lar\u0131n\u0131 ve g\u00fcbreleri hassas bir \u015fekilde uygulayabilen, at\u0131klar\u0131 azaltan ve \u00fcr\u00fcn verimini art\u0131ran bir p\u00fcsk\u00fcrtme sistemi ile donat\u0131lm\u0131\u015ft\u0131r. P\u00fcsk\u00fcrtme sistemi 10L&#8217;ye kadar s\u0131v\u0131 tutabilir ve dron, geleneksel p\u00fcsk\u00fcrtme y\u00f6ntemlerinden 3 kat daha h\u0131zl\u0131 olan saatte 6 akreye kadar alan\u0131 kaplayabilir. P\u00fcsk\u00fcrtme sistemi ayr\u0131ca, istenen ak\u0131\u015f h\u0131z\u0131n\u0131n korunmas\u0131n\u0131 ve kapsama alan\u0131n\u0131n tutarl\u0131 olmas\u0131n\u0131 sa\u011flayan bir ak\u0131\u015f sens\u00f6r\u00fcne sahiptir.<\/p>\n<p>Ayr\u0131ca uzun pil \u00f6mr\u00fc ve sa\u011flam tasar\u0131m\u0131yla zorlu ko\u015fullar\u0131n \u00fcstesinden gelecek \u015fekilde tasarlanm\u0131\u015ft\u0131r. Tek bir \u015farjla 30 dakikadan fazla u\u00e7abilir ve \u00e7ift\u00e7ilerin tek bir u\u00e7u\u015fta geni\u015f alanlar\u0131 kapsamas\u0131na olanak tan\u0131r. Drone ayr\u0131ca, \u00e7ift\u00e7ilerin drone&#8217;u g\u00fcvenli ve do\u011fru bir \u015fekilde u\u00e7urmas\u0131n\u0131 kolayla\u015ft\u0131ran Engellerden ka\u00e7\u0131nma sens\u00f6rleri ve GPS ile donat\u0131lm\u0131\u015ft\u0131r.<\/p>\n<p>DJI Agras T40&#8217;\u0131n bir di\u011fer \u00f6zelli\u011fi de, DJI&#8217;\u0131n Yer Kontrol \u0130stasyonu (GCS) yaz\u0131l\u0131m\u0131n\u0131 kullanarak g\u00f6revleri kolayca planlama ve y\u00fcr\u00fctme yetene\u011fidir. Bu yaz\u0131l\u0131m, \u00e7ift\u00e7ilerin ara noktalar da dahil olmak \u00fczere bir u\u00e7u\u015f plan\u0131 olu\u015fturmas\u0131na ve istenen u\u00e7u\u015f irtifas\u0131n\u0131, h\u0131z\u0131n\u0131 ve di\u011fer parametreleri ayarlamas\u0131na olanak tan\u0131r. Yaz\u0131l\u0131m ayr\u0131ca \u00e7ift\u00e7ilerin dronun u\u00e7u\u015funu ger\u00e7ek zamanl\u0131 olarak izlemesine ve gerekti\u011finde ayarlamalar yapmas\u0131na olanak tan\u0131r.<\/p>\n<p>&nbsp;<\/p>\n<div id=\"attachment_463\" style=\"width: 310px\" class=\"wp-caption alignnone\"><img loading=\"lazy\" decoding=\"async\" aria-describedby=\"caption-attachment-463\" class=\"size-medium wp-image-463\" src=\"https:\/\/bientarimvehavacilik.com\/wp-content\/uploads\/2023\/01\/agras_t40_home-300x188.jpg\" alt=\"\" width=\"300\" height=\"188\" srcset=\"https:\/\/bientarimvehavacilik.com\/wp-content\/uploads\/2023\/01\/agras_t40_home-300x188.jpg 300w, https:\/\/bientarimvehavacilik.com\/wp-content\/uploads\/2023\/01\/agras_t40_home-768x480.jpg 768w, https:\/\/bientarimvehavacilik.com\/wp-content\/uploads\/2023\/01\/agras_t40_home-234x146.jpg 234w, https:\/\/bientarimvehavacilik.com\/wp-content\/uploads\/2023\/01\/agras_t40_home-50x31.jpg 50w, https:\/\/bientarimvehavacilik.com\/wp-content\/uploads\/2023\/01\/agras_t40_home-120x75.jpg 120w, https:\/\/bientarimvehavacilik.com\/wp-content\/uploads\/2023\/01\/agras_t40_home.jpg 800w\" sizes=\"(max-width: 300px) 100vw, 300px\" \/><p id=\"caption-attachment-463\" class=\"wp-caption-text\">Bien tar\u0131m ve havac\u0131l\u0131k t 40 dron hakk\u0131nda ila\u00e7lama ve g\u00f6lge tozu detayl\u0131 bilgi<\/p><\/div>\n<p>Genel olarak, tar\u0131msal drone, operasyonlar\u0131n\u0131 iyile\u015ftirmek ve ekin verimini rahatl\u0131kla art\u0131rmak isteyen t\u00fcm \u00e7ift\u00e7iler i\u00e7in de\u011ferli bir varl\u0131kt\u0131r. Geli\u015fmi\u015f teknolojisi ve kullan\u0131c\u0131 dostu tasar\u0131m\u0131yla DJI Agras T40, \u00e7ift\u00e7ilere tarlalar\u0131n\u0131 h\u0131zl\u0131 ve kolay bir \u015fekilde inceleme, \u00fcr\u00fcn sa\u011fl\u0131\u011f\u0131n\u0131 belirleme ve optimum b\u00fcy\u00fcmeyi planlama yetene\u011fi sa\u011flar.<\/p>\n<p><span style=\"vertical-align: inherit;\">DJI Agras T40 h\u0131zla drone, \u00e7ift\u00e7ili\u011fi daha kolay ve daha verimli hale getiren g\u00fc\u00e7l\u00fc bir ara\u00e7t\u0131r. Geli\u015fmi\u015f giri\u015fimci ile \u00e7ift\u00e7iler, tarlalar\u0131n\u0131 h\u0131zl\u0131 ve kolay bir \u015fekilde inceleyebilir, \u00fcr\u00fcn garantisini s\u00fcrd\u00fcrebilir ve optimum b\u00fcy\u00fcme i\u00e7in plan yapabilir. Drone&#8217;un y\u00fcksek kapsaml\u0131 kameras\u0131, ayr\u0131nt\u0131l\u0131 ekranlar\u0131 ve haritalama sa\u011flayarak hayaletin bulundu\u011fu yer belirlemeyi ve muhafaza y\u00f6netimi hakk\u0131nda kart yerle\u015fimlerini kolayla\u015ft\u0131rabilir. Ek olarak, DJI T40, pestisitleri ve g\u00fcbreleri hassas bir \u015fekilde p\u00fcsk\u00fcrterek atalar\u0131ndan \u00e7\u0131kan kokular\u0131 ve silinebilir. Uzun pil \u00f6mr\u00fc ve sa\u011flam tasar\u0131m\u0131, onu en zorlu \u00fcr\u00fcnleri bile kullan\u0131ma uygun hale getirir. Genel olarak, DJI T40 g\u00f6\u00e7men hava arac\u0131, operasyonlar\u0131n\u0131 grup \u00fcyeleri t\u00fcm \u00e7ift\u00e7iler i\u00e7in de\u011ferli bir varl\u0131kt\u0131r.<\/span><\/p>\n<h2>Bien tar\u0131m ve havac\u0131l\u0131k agras t40<\/h2>\n<p>Agras T40<\/p>\n<p>DJI agras T40<\/p>\n<p>T40 DRONE<\/p>\n<p>DJI T40<\/p>\n<p>AGRAS<\/p>\n<p>DJI<\/p>\n<p>agras dj\u0131 dronlar\u0131<\/p>\n<p>\u00e7ift\u00e7i dronlar\u0131<\/p>\n<p>antalya dron<\/p>\n<p>g\u00f6lge tozu<\/p>\n<p>antalya ila\u00e7lama<\/p>\n<p>zirai ila\u00e7lama dronu<\/p>\n<p>g\u00f6lge tozu dronu<\/p>\n<p>T40 DJI<\/p>\n<p>Bien tar\u0131m ve havac\u0131l\u0131k<\/p>\n<p>Bien tar\u0131m ve havac\u0131l\u0131k T40 drone<\/p>\n<\/div>\n","protected":false},"excerpt":{"rendered":"<p><span style=\"vertical-align: inherit;\"><span style=\"vertical-align: inherit;\"><span style=\"vertical-align: inherit;\"><span style=\"vertical-align: inherit;\">DJI T40 h\u0131zla drone, \u00e7ift\u00e7ili\u011fi daha kolay ve daha verimli hale getiren g\u00fc\u00e7l\u00fc bir ara\u00e7t\u0131r. <\/span><\/span><\/span><span style=\"vertical-align: inherit;\"><span style=\"vertical-align: inherit;\"><span style=\"vertical-align: inherit;\">Geli\u015fmi\u015f giri\u015fimci ile \u00e7ift\u00e7iler, tarlalar\u0131n\u0131 h\u0131zl\u0131 ve kolay bir \u015fekilde inceleyebilir, \u00fcr\u00fcn garantisini s\u00fcrd\u00fcrebilir ve optimum b\u00fcy\u00fcme i\u00e7in plan yapabilir. <\/span><\/span><\/span><span style=\"vertical-align: inherit;\"><span style=\"vertical-align: inherit;\"><span style=\"vertical-align: inherit;\">Drone&#8217;un y\u00fcksek kapsaml\u0131 kameras\u0131, ayr\u0131nt\u0131l\u0131 ekranlar\u0131 ve haritalama sa\u011flayarak hayaletin bulundu\u011fu yer belirlemeyi ve muhafaza y\u00f6netimi hakk\u0131nda kart yerle\u015fimlerini kolayla\u015ft\u0131rabilir. <\/span><\/span><\/span><span style=\"vertical-align: inherit;\"><span style=\"vertical-align: inherit;\"><span style=\"vertical-align: inherit;\">Ek olarak, DJI T40, pestisitleri ve g\u00fcbreleri hassas bir \u015fekilde p\u00fcsk\u00fcrterek atalar\u0131ndan \u00e7\u0131kan kokular\u0131 ve silinebilir. <\/span><\/span><\/span><span style=\"vertical-align: inherit;\"><span style=\"vertical-align: inherit;\"><span style=\"vertical-align: inherit;\">Uzun pil \u00f6mr\u00fc ve sa\u011flam tasar\u0131m\u0131, onu en zorlu \u00fcr\u00fcnleri bile kullan\u0131ma uygun hale getirir. <\/span><\/span><\/span><span style=\"vertical-align: inherit;\"><span style=\"vertical-align: inherit;\"><span style=\"vertical-align: inherit;\">Genel olarak, DJI T40 g\u00f6\u00e7men hava arac\u0131, operasyonlar\u0131n\u0131 grup \u00fcyeleri t\u00fcm \u00e7ift\u00e7iler i\u00e7in de\u011ferli bir varl\u0131kt\u0131r.<\/span><\/span><\/span><\/span><\/p>\n<p>&nbsp;<\/p>\n<p><a href=\"tel:+905348565094\"><img loading=\"lazy\" decoding=\"async\" class=\"size-medium wp-image-468\" src=\"https:\/\/bientarimvehavacilik.com\/wp-content\/uploads\/2022\/08\/bizi-arayin-300x28.png\" alt=\"\" width=\"300\" height=\"28\" srcset=\"https:\/\/bientarimvehavacilik.com\/wp-content\/uploads\/2022\/08\/bizi-arayin-300x28.png 300w, https:\/\/bientarimvehavacilik.com\/wp-content\/uploads\/2022\/08\/bizi-arayin-260x24.png 260w, https:\/\/bientarimvehavacilik.com\/wp-content\/uploads\/2022\/08\/bizi-arayin-50x5.png 50w, https:\/\/bientarimvehavacilik.com\/wp-content\/uploads\/2022\/08\/bizi-arayin-150x14.png 150w, https:\/\/bientarimvehavacilik.com\/wp-content\/uploads\/2022\/08\/bizi-arayin.png 345w\" sizes=\"(max-width: 300px) 100vw, 300px\" \/><\/a><\/p>\n","protected":false},"featured_media":538,"template":"","meta":[],"product_cat":[126],"product_tag":[136,127,130,129],"yoast_head":"<!-- This site is optimized with the Yoast SEO plugin v20.8 - https:\/\/yoast.com\/wordpress\/plugins\/seo\/ -->\n<title>DJI Agras T40 - Bien tar\u0131m ve havac\u0131l\u0131k<\/title>\n<meta name=\"description\" content=\"DJI Agras T40 zirai dron sat\u0131\u015f ve destek yetkili bayisi bien tar\u0131m ve havac\u0131l\u0131k. \u00dcr\u00fcn\u00fc inceleyin ve sat\u0131\u015f i\u00e7in bizi aray\u0131n. DJI Agras T10, T20, T30 ve T40.\" \/>\n<meta name=\"robots\" content=\"index, follow, max-snippet:-1, max-image-preview:large, max-video-preview:-1\" \/>\n<link rel=\"canonical\" href=\"https:\/\/bientarimvehavacilik.com\/index.php\/urun\/dji-agras-t40\/\" \/>\n<meta property=\"og:locale\" content=\"tr_TR\" \/>\n<meta property=\"og:type\" content=\"article\" \/>\n<meta property=\"og:title\" content=\"DJI Agras T40 - Bien tar\u0131m ve havac\u0131l\u0131k\" \/>\n<meta property=\"og:description\" content=\"DJI Agras T40 zirai dron sat\u0131\u015f ve destek yetkili bayisi bien tar\u0131m ve havac\u0131l\u0131k. \u00dcr\u00fcn\u00fc inceleyin ve sat\u0131\u015f i\u00e7in bizi aray\u0131n. DJI Agras T10, T20, T30 ve T40.\" \/>\n<meta property=\"og:url\" content=\"https:\/\/bientarimvehavacilik.com\/index.php\/urun\/dji-agras-t40\/\" \/>\n<meta property=\"og:site_name\" content=\"Bien tar\u0131m ve havac\u0131l\u0131k\" \/>\n<meta property=\"article:publisher\" content=\"https:\/\/www.facebook.com\/bientarimvehavacilik\" \/>\n<meta property=\"article:modified_time\" content=\"2023-08-01T06:47:45+00:00\" \/>\n<meta property=\"og:image\" content=\"https:\/\/bientarimvehavacilik.com\/wp-content\/uploads\/2022\/08\/DJI-Agras-T40-3.jpg\" \/>\n\t<meta property=\"og:image:width\" content=\"900\" \/>\n\t<meta property=\"og:image:height\" content=\"900\" \/>\n\t<meta property=\"og:image:type\" content=\"image\/jpeg\" \/>\n<meta name=\"twitter:card\" content=\"summary_large_image\" \/>\n<meta name=\"twitter:label1\" content=\"Tahmini okuma s\u00fcresi\" \/>\n\t<meta name=\"twitter:data1\" content=\"4 dakika\" \/>\n<script type=\"application\/ld+json\" class=\"yoast-schema-graph\">{\"@context\":\"https:\/\/schema.org\",\"@graph\":[{\"@type\":\"WebPage\",\"@id\":\"https:\/\/bientarimvehavacilik.com\/index.php\/urun\/dji-agras-t40\/\",\"url\":\"https:\/\/bientarimvehavacilik.com\/index.php\/urun\/dji-agras-t40\/\",\"name\":\"DJI Agras T40 - Bien tar\u0131m ve havac\u0131l\u0131k\",\"isPartOf\":{\"@id\":\"https:\/\/bientarimvehavacilik.com\/#website\"},\"datePublished\":\"2022-08-16T14:25:48+00:00\",\"dateModified\":\"2023-08-01T06:47:45+00:00\",\"description\":\"DJI Agras T40 zirai dron sat\u0131\u015f ve destek yetkili bayisi bien tar\u0131m ve havac\u0131l\u0131k. \u00dcr\u00fcn\u00fc inceleyin ve sat\u0131\u015f i\u00e7in bizi aray\u0131n. DJI Agras T10, T20, T30 ve T40.\",\"breadcrumb\":{\"@id\":\"https:\/\/bientarimvehavacilik.com\/index.php\/urun\/dji-agras-t40\/#breadcrumb\"},\"inLanguage\":\"tr\",\"potentialAction\":[{\"@type\":\"ReadAction\",\"target\":[\"https:\/\/bientarimvehavacilik.com\/index.php\/urun\/dji-agras-t40\/\"]}]},{\"@type\":\"BreadcrumbList\",\"@id\":\"https:\/\/bientarimvehavacilik.com\/index.php\/urun\/dji-agras-t40\/#breadcrumb\",\"itemListElement\":[{\"@type\":\"ListItem\",\"position\":1,\"name\":\"Anasayfa\",\"item\":\"https:\/\/bientarimvehavacilik.com\/\"},{\"@type\":\"ListItem\",\"position\":2,\"name\":\"Dron Ma\u011fazas\u0131\",\"item\":\"https:\/\/bientarimvehavacilik.com\/index.php\/zirai-dron-magaza\/\"},{\"@type\":\"ListItem\",\"position\":3,\"name\":\"DJI Agras T40\"}]},{\"@type\":\"WebSite\",\"@id\":\"https:\/\/bientarimvehavacilik.com\/#website\",\"url\":\"https:\/\/bientarimvehavacilik.com\/\",\"name\":\"Bien tar\u0131m ve havac\u0131l\u0131k\",\"description\":\"\",\"publisher\":{\"@id\":\"https:\/\/bientarimvehavacilik.com\/#organization\"},\"potentialAction\":[{\"@type\":\"SearchAction\",\"target\":{\"@type\":\"EntryPoint\",\"urlTemplate\":\"https:\/\/bientarimvehavacilik.com\/?s={search_term_string}\"},\"query-input\":\"required name=search_term_string\"}],\"inLanguage\":\"tr\"},{\"@type\":\"Organization\",\"@id\":\"https:\/\/bientarimvehavacilik.com\/#organization\",\"name\":\"Bien tar\u0131m ve havac\u0131l\u0131k\",\"url\":\"https:\/\/bientarimvehavacilik.com\/\",\"logo\":{\"@type\":\"ImageObject\",\"inLanguage\":\"tr\",\"@id\":\"https:\/\/bientarimvehavacilik.com\/#\/schema\/logo\/image\/\",\"url\":\"https:\/\/bientarimvehavacilik.com\/wp-content\/uploads\/2023\/01\/bien.fw_.png\",\"contentUrl\":\"https:\/\/bientarimvehavacilik.com\/wp-content\/uploads\/2023\/01\/bien.fw_.png\",\"width\":792,\"height\":792,\"caption\":\"Bien tar\u0131m ve havac\u0131l\u0131k\"},\"image\":{\"@id\":\"https:\/\/bientarimvehavacilik.com\/#\/schema\/logo\/image\/\"},\"sameAs\":[\"https:\/\/www.facebook.com\/bientarimvehavacilik\",\"https:\/\/www.instagram.com\/bientarimvehavacilik\/\"]}]}<\/script>\n<!-- \/ Yoast SEO plugin. -->","yoast_head_json":{"title":"DJI Agras T40 - Bien tar\u0131m ve havac\u0131l\u0131k","description":"DJI Agras T40 zirai dron sat\u0131\u015f ve destek yetkili bayisi bien tar\u0131m ve havac\u0131l\u0131k. \u00dcr\u00fcn\u00fc inceleyin ve sat\u0131\u015f i\u00e7in bizi aray\u0131n. DJI Agras T10, T20, T30 ve T40.","robots":{"index":"index","follow":"follow","max-snippet":"max-snippet:-1","max-image-preview":"max-image-preview:large","max-video-preview":"max-video-preview:-1"},"canonical":"https:\/\/bientarimvehavacilik.com\/index.php\/urun\/dji-agras-t40\/","og_locale":"tr_TR","og_type":"article","og_title":"DJI Agras T40 - Bien tar\u0131m ve havac\u0131l\u0131k","og_description":"DJI Agras T40 zirai dron sat\u0131\u015f ve destek yetkili bayisi bien tar\u0131m ve havac\u0131l\u0131k. \u00dcr\u00fcn\u00fc inceleyin ve sat\u0131\u015f i\u00e7in bizi aray\u0131n. DJI Agras T10, T20, T30 ve T40.","og_url":"https:\/\/bientarimvehavacilik.com\/index.php\/urun\/dji-agras-t40\/","og_site_name":"Bien tar\u0131m ve havac\u0131l\u0131k","article_publisher":"https:\/\/www.facebook.com\/bientarimvehavacilik","article_modified_time":"2023-08-01T06:47:45+00:00","og_image":[{"width":900,"height":900,"url":"https:\/\/bientarimvehavacilik.com\/wp-content\/uploads\/2022\/08\/DJI-Agras-T40-3.jpg","type":"image\/jpeg"}],"twitter_card":"summary_large_image","twitter_misc":{"Tahmini okuma s\u00fcresi":"4 dakika"},"schema":{"@context":"https:\/\/schema.org","@graph":[{"@type":"WebPage","@id":"https:\/\/bientarimvehavacilik.com\/index.php\/urun\/dji-agras-t40\/","url":"https:\/\/bientarimvehavacilik.com\/index.php\/urun\/dji-agras-t40\/","name":"DJI Agras T40 - Bien tar\u0131m ve havac\u0131l\u0131k","isPartOf":{"@id":"https:\/\/bientarimvehavacilik.com\/#website"},"datePublished":"2022-08-16T14:25:48+00:00","dateModified":"2023-08-01T06:47:45+00:00","description":"DJI Agras T40 zirai dron sat\u0131\u015f ve destek yetkili bayisi bien tar\u0131m ve havac\u0131l\u0131k. \u00dcr\u00fcn\u00fc inceleyin ve sat\u0131\u015f i\u00e7in bizi aray\u0131n. DJI Agras T10, T20, T30 ve T40.","breadcrumb":{"@id":"https:\/\/bientarimvehavacilik.com\/index.php\/urun\/dji-agras-t40\/#breadcrumb"},"inLanguage":"tr","potentialAction":[{"@type":"ReadAction","target":["https:\/\/bientarimvehavacilik.com\/index.php\/urun\/dji-agras-t40\/"]}]},{"@type":"BreadcrumbList","@id":"https:\/\/bientarimvehavacilik.com\/index.php\/urun\/dji-agras-t40\/#breadcrumb","itemListElement":[{"@type":"ListItem","position":1,"name":"Anasayfa","item":"https:\/\/bientarimvehavacilik.com\/"},{"@type":"ListItem","position":2,"name":"Dron Ma\u011fazas\u0131","item":"https:\/\/bientarimvehavacilik.com\/index.php\/zirai-dron-magaza\/"},{"@type":"ListItem","position":3,"name":"DJI Agras T40"}]},{"@type":"WebSite","@id":"https:\/\/bientarimvehavacilik.com\/#website","url":"https:\/\/bientarimvehavacilik.com\/","name":"Bien tar\u0131m ve havac\u0131l\u0131k","description":"","publisher":{"@id":"https:\/\/bientarimvehavacilik.com\/#organization"},"potentialAction":[{"@type":"SearchAction","target":{"@type":"EntryPoint","urlTemplate":"https:\/\/bientarimvehavacilik.com\/?s={search_term_string}"},"query-input":"required name=search_term_string"}],"inLanguage":"tr"},{"@type":"Organization","@id":"https:\/\/bientarimvehavacilik.com\/#organization","name":"Bien tar\u0131m ve havac\u0131l\u0131k","url":"https:\/\/bientarimvehavacilik.com\/","logo":{"@type":"ImageObject","inLanguage":"tr","@id":"https:\/\/bientarimvehavacilik.com\/#\/schema\/logo\/image\/","url":"https:\/\/bientarimvehavacilik.com\/wp-content\/uploads\/2023\/01\/bien.fw_.png","contentUrl":"https:\/\/bientarimvehavacilik.com\/wp-content\/uploads\/2023\/01\/bien.fw_.png","width":792,"height":792,"caption":"Bien tar\u0131m ve havac\u0131l\u0131k"},"image":{"@id":"https:\/\/bientarimvehavacilik.com\/#\/schema\/logo\/image\/"},"sameAs":["https:\/\/www.facebook.com\/bientarimvehavacilik","https:\/\/www.instagram.com\/bientarimvehavacilik\/"]}]}},"_links":{"self":[{"href":"https:\/\/bientarimvehavacilik.com\/index.php\/wp-json\/wp\/v2\/product\/192"}],"collection":[{"href":"https:\/\/bientarimvehavacilik.com\/index.php\/wp-json\/wp\/v2\/product"}],"about":[{"href":"https:\/\/bientarimvehavacilik.com\/index.php\/wp-json\/wp\/v2\/types\/product"}],"wp:featuredmedia":[{"embeddable":true,"href":"https:\/\/bientarimvehavacilik.com\/index.php\/wp-json\/wp\/v2\/media\/538"}],"wp:attachment":[{"href":"https:\/\/bientarimvehavacilik.com\/index.php\/wp-json\/wp\/v2\/media?parent=192"}],"wp:term":[{"taxonomy":"product_cat","embeddable":true,"href":"https:\/\/bientarimvehavacilik.com\/index.php\/wp-json\/wp\/v2\/product_cat?post=192"},{"taxonomy":"product_tag","embeddable":true,"href":"https:\/\/bientarimvehavacilik.com\/index.php\/wp-json\/wp\/v2\/product_tag?post=192"}],"curies":[{"name":"wp","href":"https:\/\/api.w.org\/{rel}","templated":true}]}}