{"id":15,"date":"2022-08-11T10:45:01","date_gmt":"2022-08-11T10:45:01","guid":{"rendered":"https:\/\/bientarimvehavacilik.com\/cart\/"},"modified":"2022-08-11T10:45:01","modified_gmt":"2022-08-11T10:45:01","slug":"cart","status":"publish","type":"page","link":"https:\/\/bientarimvehavacilik.com\/index.php\/cart\/","title":{"rendered":"Cart"},"content":{"rendered":"\n","protected":false},"excerpt":{"rendered":"","protected":false},"author":1,"featured_media":0,"parent":0,"menu_order":0,"comment_status":"open","ping_status":"closed","template":"","meta":{"footnotes":""},"yoast_head":"<!-- This site is optimized with the Yoast SEO plugin v20.8 - https:\/\/yoast.com\/wordpress\/plugins\/seo\/ -->\n<title>Cart - Bien tar\u0131m ve havac\u0131l\u0131k<\/title>\n<meta name=\"robots\" content=\"index, follow, max-snippet:-1, max-image-preview:large, max-video-preview:-1\" \/>\n<link rel=\"canonical\" href=\"https:\/\/bientarimvehavacilik.com\/index.php\/cart\/\" \/>\n<meta property=\"og:locale\" content=\"tr_TR\" \/>\n<meta property=\"og:type\" content=\"article\" \/>\n<meta property=\"og:title\" content=\"Cart - Bien tar\u0131m ve havac\u0131l\u0131k\" \/>\n<meta property=\"og:url\" content=\"https:\/\/bientarimvehavacilik.com\/index.php\/cart\/\" \/>\n<meta property=\"og:site_name\" content=\"Bien tar\u0131m ve havac\u0131l\u0131k\" \/>\n<meta property=\"article:publisher\" content=\"https:\/\/www.facebook.com\/bientarimvehavacilik\" \/>\n<meta name=\"twitter:card\" content=\"summary_large_image\" \/>\n<script type=\"application\/ld+json\" class=\"yoast-schema-graph\">{\"@context\":\"https:\/\/schema.org\",\"@graph\":[{\"@type\":\"WebPage\",\"@id\":\"https:\/\/bientarimvehavacilik.com\/index.php\/cart\/\",\"url\":\"https:\/\/bientarimvehavacilik.com\/index.php\/cart\/\",\"name\":\"Cart - Bien tar\u0131m ve havac\u0131l\u0131k\",\"isPartOf\":{\"@id\":\"https:\/\/bientarimvehavacilik.com\/#website\"},\"datePublished\":\"2022-08-11T10:45:01+00:00\",\"dateModified\":\"2022-08-11T10:45:01+00:00\",\"breadcrumb\":{\"@id\":\"https:\/\/bientarimvehavacilik.com\/index.php\/cart\/#breadcrumb\"},\"inLanguage\":\"tr\",\"potentialAction\":[{\"@type\":\"ReadAction\",\"target\":[\"https:\/\/bientarimvehavacilik.com\/index.php\/cart\/\"]}]},{\"@type\":\"BreadcrumbList\",\"@id\":\"https:\/\/bientarimvehavacilik.com\/index.php\/cart\/#breadcrumb\",\"itemListElement\":[{\"@type\":\"ListItem\",\"position\":1,\"name\":\"Anasayfa\",\"item\":\"https:\/\/bientarimvehavacilik.com\/\"},{\"@type\":\"ListItem\",\"position\":2,\"name\":\"Cart\"}]},{\"@type\":\"WebSite\",\"@id\":\"https:\/\/bientarimvehavacilik.com\/#website\",\"url\":\"https:\/\/bientarimvehavacilik.com\/\",\"name\":\"Bien tar\u0131m ve havac\u0131l\u0131k\",\"description\":\"\",\"publisher\":{\"@id\":\"https:\/\/bientarimvehavacilik.com\/#organization\"},\"potentialAction\":[{\"@type\":\"SearchAction\",\"target\":{\"@type\":\"EntryPoint\",\"urlTemplate\":\"https:\/\/bientarimvehavacilik.com\/?s={search_term_string}\"},\"query-input\":\"required name=search_term_string\"}],\"inLanguage\":\"tr\"},{\"@type\":\"Organization\",\"@id\":\"https:\/\/bientarimvehavacilik.com\/#organization\",\"name\":\"Bien tar\u0131m ve havac\u0131l\u0131k\",\"url\":\"https:\/\/bientarimvehavacilik.com\/\",\"logo\":{\"@type\":\"ImageObject\",\"inLanguage\":\"tr\",\"@id\":\"https:\/\/bientarimvehavacilik.com\/#\/schema\/logo\/image\/\",\"url\":\"https:\/\/bientarimvehavacilik.com\/wp-content\/uploads\/2023\/01\/bien.fw_.png\",\"contentUrl\":\"https:\/\/bientarimvehavacilik.com\/wp-content\/uploads\/2023\/01\/bien.fw_.png\",\"width\":792,\"height\":792,\"caption\":\"Bien tar\u0131m ve havac\u0131l\u0131k\"},\"image\":{\"@id\":\"https:\/\/bientarimvehavacilik.com\/#\/schema\/logo\/image\/\"},\"sameAs\":[\"https:\/\/www.facebook.com\/bientarimvehavacilik\",\"https:\/\/www.instagram.com\/bientarimvehavacilik\/\"]}]}<\/script>\n<!-- \/ Yoast SEO plugin. -->","yoast_head_json":{"title":"Cart - Bien tar\u0131m ve havac\u0131l\u0131k","robots":{"index":"index","follow":"follow","max-snippet":"max-snippet:-1","max-image-preview":"max-image-preview:large","max-video-preview":"max-video-preview:-1"},"canonical":"https:\/\/bientarimvehavacilik.com\/index.php\/cart\/","og_locale":"tr_TR","og_type":"article","og_title":"Cart - Bien tar\u0131m ve havac\u0131l\u0131k","og_url":"https:\/\/bientarimvehavacilik.com\/index.php\/cart\/","og_site_name":"Bien tar\u0131m ve havac\u0131l\u0131k","article_publisher":"https:\/\/www.facebook.com\/bientarimvehavacilik","twitter_card":"summary_large_image","schema":{"@context":"https:\/\/schema.org","@graph":[{"@type":"WebPage","@id":"https:\/\/bientarimvehavacilik.com\/index.php\/cart\/","url":"https:\/\/bientarimvehavacilik.com\/index.php\/cart\/","name":"Cart - Bien tar\u0131m ve havac\u0131l\u0131k","isPartOf":{"@id":"https:\/\/bientarimvehavacilik.com\/#website"},"datePublished":"2022-08-11T10:45:01+00:00","dateModified":"2022-08-11T10:45:01+00:00","breadcrumb":{"@id":"https:\/\/bientarimvehavacilik.com\/index.php\/cart\/#breadcrumb"},"inLanguage":"tr","potentialAction":[{"@type":"ReadAction","target":["https:\/\/bientarimvehavacilik.com\/index.php\/cart\/"]}]},{"@type":"BreadcrumbList","@id":"https:\/\/bientarimvehavacilik.com\/index.php\/cart\/#breadcrumb","itemListElement":[{"@type":"ListItem","position":1,"name":"Anasayfa","item":"https:\/\/bientarimvehavacilik.com\/"},{"@type":"ListItem","position":2,"name":"Cart"}]},{"@type":"WebSite","@id":"https:\/\/bientarimvehavacilik.com\/#website","url":"https:\/\/bientarimvehavacilik.com\/","name":"Bien tar\u0131m ve havac\u0131l\u0131k","description":"","publisher":{"@id":"https:\/\/bientarimvehavacilik.com\/#organization"},"potentialAction":[{"@type":"SearchAction","target":{"@type":"EntryPoint","urlTemplate":"https:\/\/bientarimvehavacilik.com\/?s={search_term_string}"},"query-input":"required name=search_term_string"}],"inLanguage":"tr"},{"@type":"Organization","@id":"https:\/\/bientarimvehavacilik.com\/#organization","name":"Bien tar\u0131m ve havac\u0131l\u0131k","url":"https:\/\/bientarimvehavacilik.com\/","logo":{"@type":"ImageObject","inLanguage":"tr","@id":"https:\/\/bientarimvehavacilik.com\/#\/schema\/logo\/image\/","url":"https:\/\/bientarimvehavacilik.com\/wp-content\/uploads\/2023\/01\/bien.fw_.png","contentUrl":"https:\/\/bientarimvehavacilik.com\/wp-content\/uploads\/2023\/01\/bien.fw_.png","width":792,"height":792,"caption":"Bien tar\u0131m ve havac\u0131l\u0131k"},"image":{"@id":"https:\/\/bientarimvehavacilik.com\/#\/schema\/logo\/image\/"},"sameAs":["https:\/\/www.facebook.com\/bientarimvehavacilik","https:\/\/www.instagram.com\/bientarimvehavacilik\/"]}]}},"_links":{"self":[{"href":"https:\/\/bientarimvehavacilik.com\/index.php\/wp-json\/wp\/v2\/pages\/15"}],"collection":[{"href":"https:\/\/bientarimvehavacilik.com\/index.php\/wp-json\/wp\/v2\/pages"}],"about":[{"href":"https:\/\/bientarimvehavacilik.com\/index.php\/wp-json\/wp\/v2\/types\/page"}],"author":[{"embeddable":true,"href":"https:\/\/bientarimvehavacilik.com\/index.php\/wp-json\/wp\/v2\/users\/1"}],"replies":[{"embeddable":true,"href":"https:\/\/bientarimvehavacilik.com\/index.php\/wp-json\/wp\/v2\/comments?post=15"}],"version-history":[{"count":0,"href":"https:\/\/bientarimvehavacilik.com\/index.php\/wp-json\/wp\/v2\/pages\/15\/revisions"}],"wp:attachment":[{"href":"https:\/\/bientarimvehavacilik.com\/index.php\/wp-json\/wp\/v2\/media?parent=15"}],"curies":[{"name":"wp","href":"https:\/\/api.w.org\/{rel}","templated":true}]}}